{"id":6,"date":"2021-11-26T17:02:23","date_gmt":"2021-11-26T17:02:23","guid":{"rendered":"https:\/\/torresvillaseca.es\/?page_id=6"},"modified":"2023-08-30T18:16:57","modified_gmt":"2023-08-30T18:16:57","slug":"acerca-de","status":"publish","type":"page","link":"https:\/\/torresvillaseca.es\/","title":{"rendered":"Acerca del despacho&#8230;"},"content":{"rendered":"\n<p class=\"has-text-align-center\"><strong>Despacho jur\u00eddico multidisciplinar con m\u00e1s de 25 a\u00f1os de experiencia<\/strong><\/p>\n\n\n\n<figure class=\"wp-block-image size-full\"><img loading=\"lazy\" decoding=\"async\" width=\"640\" height=\"360\" src=\"https:\/\/torresvillaseca.es\/wp-content\/uploads\/2021\/11\/justicia.jpg\" alt=\"\" class=\"wp-image-198\" srcset=\"https:\/\/torresvillaseca.es\/wp-content\/uploads\/2021\/11\/justicia.jpg 640w, https:\/\/torresvillaseca.es\/wp-content\/uploads\/2021\/11\/justicia-300x169.jpg 300w\" sizes=\"auto, (max-width: 640px) 100vw, 640px\" \/><\/figure>\n\n\n\n<div class=\"wp-block-buttons is-content-justification-center is-layout-flex wp-container-core-buttons-is-layout-16018d1d wp-block-buttons-is-layout-flex\">\n<div class=\"wp-block-button\"><a class=\"wp-block-button__link wp-element-button\" href=\"https:\/\/laboramaabogadoslaboralistas.simplybook.it\/v2\/\">Reservar cita<\/a><\/div>\n<\/div>\n","protected":false},"excerpt":{"rendered":"<p>Despacho jur\u00eddico multidisciplinar con m\u00e1s de 25 a\u00f1os de experiencia<\/p>\n","protected":false},"author":1,"featured_media":0,"parent":0,"menu_order":0,"comment_status":"closed","ping_status":"closed","template":"","meta":{"om_disable_all_campaigns":false,"_monsterinsights_skip_tracking":false,"_monsterinsights_sitenote_active":false,"_monsterinsights_sitenote_note":"","_monsterinsights_sitenote_category":0,"footnotes":""},"class_list":["post-6","page","type-page","status-publish","hentry","entry"],"aioseo_notices":[],"_links":{"self":[{"href":"https:\/\/torresvillaseca.es\/index.php?rest_route=\/wp\/v2\/pages\/6","targetHints":{"allow":["GET"]}}],"collection":[{"href":"https:\/\/torresvillaseca.es\/index.php?rest_route=\/wp\/v2\/pages"}],"about":[{"href":"https:\/\/torresvillaseca.es\/index.php?rest_route=\/wp\/v2\/types\/page"}],"author":[{"embeddable":true,"href":"https:\/\/torresvillaseca.es\/index.php?rest_route=\/wp\/v2\/users\/1"}],"replies":[{"embeddable":true,"href":"https:\/\/torresvillaseca.es\/index.php?rest_route=%2Fwp%2Fv2%2Fcomments&post=6"}],"version-history":[{"count":8,"href":"https:\/\/torresvillaseca.es\/index.php?rest_route=\/wp\/v2\/pages\/6\/revisions"}],"predecessor-version":[{"id":207,"href":"https:\/\/torresvillaseca.es\/index.php?rest_route=\/wp\/v2\/pages\/6\/revisions\/207"}],"wp:attachment":[{"href":"https:\/\/torresvillaseca.es\/index.php?rest_route=%2Fwp%2Fv2%2Fmedia&parent=6"}],"curies":[{"name":"wp","href":"https:\/\/api.w.org\/{rel}","templated":true}]}}